{"id":3028,"date":"2020-03-26T00:46:04","date_gmt":"2020-03-26T00:46:04","guid":{"rendered":"https:\/\/stojkovicart.rs\/?page_id=3028"},"modified":"2023-12-11T12:23:35","modified_gmt":"2023-12-11T12:23:35","slug":"poslovna-saradnja","status":"publish","type":"page","link":"https:\/\/stojkovicart.rs\/index.php\/poslovna-saradnja\/","title":{"rendered":"Poslovna saradnja"},"content":{"rendered":"\n<div id=\"wp-block-themeisle-blocks-advanced-columns-6fd49cfa\" class=\"wp-block-themeisle-blocks-advanced-columns alignfull has-1-columns has-desktop-equal-layout has-tablet-equal-layout has-mobile-equal-layout has-vertical-unset\"><div class=\"wp-block-themeisle-blocks-advanced-columns-overlay\"><\/div><div class=\"innerblocks-wrap\">\n<div id=\"wp-block-themeisle-blocks-advanced-column-87827bcc\" class=\"wp-block-themeisle-blocks-advanced-column\">\n<h1 id=\"wp-block-themeisle-blocks-advanced-heading-93d7a316\" class=\"wp-block-themeisle-blocks-advanced-heading wp-block-themeisle-blocks-advanced-heading-93d7a316\">poslovna saradnja<\/h1>\n\n\n\n<h4 id=\"wp-block-themeisle-blocks-advanced-heading-74e05a05\" class=\"wp-block-themeisle-blocks-advanced-heading wp-block-themeisle-blocks-advanced-heading-74e05a05\">na\u0161e slike govore stotine re\u010di o vama<\/h4>\n<\/div>\n<\/div><\/div>\n\n\n\n<div id=\"wp-block-themeisle-blocks-advanced-columns-9ed733b5\" class=\"wp-block-themeisle-blocks-advanced-columns alignfull has-2-columns has-desktop-equal-layout has-tablet-equal-layout has-mobile-collapsedRows-layout has-vertical-unset has-dark-bg\"><div class=\"wp-block-themeisle-blocks-advanced-columns-overlay\"><\/div><div class=\"innerblocks-wrap\">\n<div id=\"wp-block-themeisle-blocks-advanced-column-e2e4f7ae\" class=\"wp-block-themeisle-blocks-advanced-column\">\n<h2 id=\"wp-block-themeisle-blocks-advanced-heading-8818cba9\" class=\"wp-block-themeisle-blocks-advanced-heading wp-block-themeisle-blocks-advanced-heading-8818cba9\">Profesionalnost i predanost poslu &#8230;<\/h2>\n\n\n\n<p>&#8230; su samo par odlika koje karakteri\u0161u Nenadov pristup kao fotografa.&nbsp;<br>Usluge fotografisanja enterijera i eksterijera poslovnog prostora, proizvoda i usluga firmi, zaposlenih i ostalih lica koja \u010dine poslovanje jedinstvenim samo su neke od opcija u ponudi.&nbsp;<\/p>\n\n\n\n<p>Obra\u0111ene fotografije u visokoj rezoluciji (portfolio) kao gotov proizvod mogu se iskoristiti za dru\u0161tvene mre\u017ee, sajtove, kataloge i sli\u010dne reklamne materijale. Nesumnjivo je da \u0107e Va\u0161e poslovanje, uz profesionalne i kvalitetne fotografije, postati prepoznatljivo na tr\u017ei\u0161tu koje svakim danom sve vi\u0161e raste i postavlja nove granice i standarde. Jedno je sigurno &#8211; Va\u0161e poslovanje \u0107e dobiti jednu sasvim novu dimenziju.&nbsp;<\/p>\n\n\n\n<p>Mogu\u0107nost kreiranja blogova sa kompletnim tekstom i fotografijama su, tako\u0111e, jedna od usluga koje su na raspolaganju. Predstavljanje poslovanja na zanimljiv, kreativan i originalan na\u010din, bolja vidiljivost u Google pretragama &#8211; sve sa ciljem da bi se doprlo do ve\u0107eg broja klijenata.<\/p>\n\n\n\n<p>Anga\u017eovanje fotografa za razli\u010dite prilike (sajmovi, kongresi, seminari) je opcija koja \u0107e, tako\u0111e, oplemeniti Va\u0161u poslovnu viziju.<\/p>\n\n\n\n<p>Zahtev klijenata je po\u010detna ideja koja \u0107e, kroz vanvremenske i precizne fotografije, ugledati svetlost dana i odgovoriti na sve zahteve sada\u0161njeg modernog, poslovnog sveta.<\/p>\n\n\n\n<figure data-wp-context=\"{&quot;imageId&quot;:&quot;69da0b983561a&quot;}\" data-wp-interactive=\"core\/image\" data-wp-key=\"69da0b983561a\" class=\"wp-block-image size-full wp-lightbox-container\"><img loading=\"lazy\" decoding=\"async\" width=\"643\" height=\"963\" data-wp-class--hide=\"state.isContentHidden\" data-wp-class--show=\"state.isContentVisible\" data-wp-init=\"callbacks.setButtonStyles\" data-wp-on--click=\"actions.showLightbox\" data-wp-on--load=\"callbacks.setButtonStyles\" data-wp-on-window--resize=\"callbacks.setButtonStyles\" src=\"https:\/\/stojkovicart.rs\/wp-content\/uploads\/2023\/12\/52420075517_f70ebc2a49_o.jpg\" alt=\"\" class=\"wp-image-3112\" srcset=\"https:\/\/stojkovicart.rs\/wp-content\/uploads\/2023\/12\/52420075517_f70ebc2a49_o.jpg 643w, https:\/\/stojkovicart.rs\/wp-content\/uploads\/2023\/12\/52420075517_f70ebc2a49_o-200x300.jpg 200w\" sizes=\"auto, (max-width: 643px) 100vw, 643px\" \/><button\n\t\t\tclass=\"lightbox-trigger\"\n\t\t\ttype=\"button\"\n\t\t\taria-haspopup=\"dialog\"\n\t\t\taria-label=\"Enlarge\"\n\t\t\tdata-wp-init=\"callbacks.initTriggerButton\"\n\t\t\tdata-wp-on--click=\"actions.showLightbox\"\n\t\t\tdata-wp-style--right=\"state.imageButtonRight\"\n\t\t\tdata-wp-style--top=\"state.imageButtonTop\"\n\t\t>\n\t\t\t<svg xmlns=\"http:\/\/www.w3.org\/2000\/svg\" width=\"12\" height=\"12\" fill=\"none\" viewBox=\"0 0 12 12\">\n\t\t\t\t<path fill=\"#fff\" d=\"M2 0a2 2 0 0 0-2 2v2h1.5V2a.5.5 0 0 1 .5-.5h2V0H2Zm2 10.5H2a.5.5 0 0 1-.5-.5V8H0v2a2 2 0 0 0 2 2h2v-1.5ZM8 12v-1.5h2a.5.5 0 0 0 .5-.5V8H12v2a2 2 0 0 1-2 2H8Zm2-12a2 2 0 0 1 2 2v2h-1.5V2a.5.5 0 0 0-.5-.5H8V0h2Z\" \/>\n\t\t\t<\/svg>\n\t\t<\/button><\/figure>\n\n\n\n<div style=\"height:20px\" aria-hidden=\"true\" class=\"wp-block-spacer\"><\/div>\n<\/div>\n\n\n\n<div id=\"wp-block-themeisle-blocks-advanced-column-9c1ad7b8\" class=\"wp-block-themeisle-blocks-advanced-column\">\n<figure data-wp-context=\"{&quot;imageId&quot;:&quot;69da0b9835baf&quot;}\" data-wp-interactive=\"core\/image\" data-wp-key=\"69da0b9835baf\" class=\"wp-block-image size-full wp-lightbox-container\"><img loading=\"lazy\" decoding=\"async\" width=\"874\" height=\"583\" data-wp-class--hide=\"state.isContentHidden\" data-wp-class--show=\"state.isContentVisible\" data-wp-init=\"callbacks.setButtonStyles\" data-wp-on--click=\"actions.showLightbox\" data-wp-on--load=\"callbacks.setButtonStyles\" data-wp-on-window--resize=\"callbacks.setButtonStyles\" src=\"https:\/\/stojkovicart.rs\/wp-content\/uploads\/2023\/12\/49044684653_286a3b0009_o.jpg\" alt=\"\" class=\"wp-image-3109\" srcset=\"https:\/\/stojkovicart.rs\/wp-content\/uploads\/2023\/12\/49044684653_286a3b0009_o.jpg 874w, https:\/\/stojkovicart.rs\/wp-content\/uploads\/2023\/12\/49044684653_286a3b0009_o-300x200.jpg 300w, https:\/\/stojkovicart.rs\/wp-content\/uploads\/2023\/12\/49044684653_286a3b0009_o-768x512.jpg 768w\" sizes=\"auto, (max-width: 874px) 100vw, 874px\" \/><button\n\t\t\tclass=\"lightbox-trigger\"\n\t\t\ttype=\"button\"\n\t\t\taria-haspopup=\"dialog\"\n\t\t\taria-label=\"Enlarge\"\n\t\t\tdata-wp-init=\"callbacks.initTriggerButton\"\n\t\t\tdata-wp-on--click=\"actions.showLightbox\"\n\t\t\tdata-wp-style--right=\"state.imageButtonRight\"\n\t\t\tdata-wp-style--top=\"state.imageButtonTop\"\n\t\t>\n\t\t\t<svg xmlns=\"http:\/\/www.w3.org\/2000\/svg\" width=\"12\" height=\"12\" fill=\"none\" viewBox=\"0 0 12 12\">\n\t\t\t\t<path fill=\"#fff\" d=\"M2 0a2 2 0 0 0-2 2v2h1.5V2a.5.5 0 0 1 .5-.5h2V0H2Zm2 10.5H2a.5.5 0 0 1-.5-.5V8H0v2a2 2 0 0 0 2 2h2v-1.5ZM8 12v-1.5h2a.5.5 0 0 0 .5-.5V8H12v2a2 2 0 0 1-2 2H8Zm2-12a2 2 0 0 1 2 2v2h-1.5V2a.5.5 0 0 0-.5-.5H8V0h2Z\" \/>\n\t\t\t<\/svg>\n\t\t<\/button><\/figure>\n\n\n\n<div style=\"height:60px\" aria-hidden=\"true\" class=\"wp-block-spacer\"><\/div>\n\n\n\n<figure data-wp-context=\"{&quot;imageId&quot;:&quot;69da0b9835fb1&quot;}\" data-wp-interactive=\"core\/image\" data-wp-key=\"69da0b9835fb1\" class=\"wp-block-image size-full wp-lightbox-container\"><img loading=\"lazy\" decoding=\"async\" width=\"1178\" height=\"786\" data-wp-class--hide=\"state.isContentHidden\" data-wp-class--show=\"state.isContentVisible\" data-wp-init=\"callbacks.setButtonStyles\" data-wp-on--click=\"actions.showLightbox\" data-wp-on--load=\"callbacks.setButtonStyles\" data-wp-on-window--resize=\"callbacks.setButtonStyles\" src=\"https:\/\/stojkovicart.rs\/wp-content\/uploads\/2023\/12\/51696252083_8dcd5a5e87_o.jpg\" alt=\"\" class=\"wp-image-3110\" srcset=\"https:\/\/stojkovicart.rs\/wp-content\/uploads\/2023\/12\/51696252083_8dcd5a5e87_o.jpg 1178w, https:\/\/stojkovicart.rs\/wp-content\/uploads\/2023\/12\/51696252083_8dcd5a5e87_o-300x200.jpg 300w, https:\/\/stojkovicart.rs\/wp-content\/uploads\/2023\/12\/51696252083_8dcd5a5e87_o-1024x683.jpg 1024w, https:\/\/stojkovicart.rs\/wp-content\/uploads\/2023\/12\/51696252083_8dcd5a5e87_o-768x512.jpg 768w, https:\/\/stojkovicart.rs\/wp-content\/uploads\/2023\/12\/51696252083_8dcd5a5e87_o-930x620.jpg 930w\" sizes=\"auto, (max-width: 1178px) 100vw, 1178px\" \/><button\n\t\t\tclass=\"lightbox-trigger\"\n\t\t\ttype=\"button\"\n\t\t\taria-haspopup=\"dialog\"\n\t\t\taria-label=\"Enlarge\"\n\t\t\tdata-wp-init=\"callbacks.initTriggerButton\"\n\t\t\tdata-wp-on--click=\"actions.showLightbox\"\n\t\t\tdata-wp-style--right=\"state.imageButtonRight\"\n\t\t\tdata-wp-style--top=\"state.imageButtonTop\"\n\t\t>\n\t\t\t<svg xmlns=\"http:\/\/www.w3.org\/2000\/svg\" width=\"12\" height=\"12\" fill=\"none\" viewBox=\"0 0 12 12\">\n\t\t\t\t<path fill=\"#fff\" d=\"M2 0a2 2 0 0 0-2 2v2h1.5V2a.5.5 0 0 1 .5-.5h2V0H2Zm2 10.5H2a.5.5 0 0 1-.5-.5V8H0v2a2 2 0 0 0 2 2h2v-1.5ZM8 12v-1.5h2a.5.5 0 0 0 .5-.5V8H12v2a2 2 0 0 1-2 2H8Zm2-12a2 2 0 0 1 2 2v2h-1.5V2a.5.5 0 0 0-.5-.5H8V0h2Z\" \/>\n\t\t\t<\/svg>\n\t\t<\/button><\/figure>\n\n\n\n<div style=\"height:60px\" aria-hidden=\"true\" class=\"wp-block-spacer\"><\/div>\n\n\n\n<figure data-wp-context=\"{&quot;imageId&quot;:&quot;69da0b9836392&quot;}\" data-wp-interactive=\"core\/image\" data-wp-key=\"69da0b9836392\" class=\"wp-block-image size-full wp-lightbox-container\"><img loading=\"lazy\" decoding=\"async\" width=\"963\" height=\"643\" data-wp-class--hide=\"state.isContentHidden\" data-wp-class--show=\"state.isContentVisible\" data-wp-init=\"callbacks.setButtonStyles\" data-wp-on--click=\"actions.showLightbox\" data-wp-on--load=\"callbacks.setButtonStyles\" data-wp-on-window--resize=\"callbacks.setButtonStyles\" src=\"https:\/\/stojkovicart.rs\/wp-content\/uploads\/2023\/12\/51087211321_e8c429efc5_o.jpg\" alt=\"\" class=\"wp-image-3113\" srcset=\"https:\/\/stojkovicart.rs\/wp-content\/uploads\/2023\/12\/51087211321_e8c429efc5_o.jpg 963w, https:\/\/stojkovicart.rs\/wp-content\/uploads\/2023\/12\/51087211321_e8c429efc5_o-300x200.jpg 300w, https:\/\/stojkovicart.rs\/wp-content\/uploads\/2023\/12\/51087211321_e8c429efc5_o-768x513.jpg 768w, https:\/\/stojkovicart.rs\/wp-content\/uploads\/2023\/12\/51087211321_e8c429efc5_o-930x620.jpg 930w\" sizes=\"auto, (max-width: 963px) 100vw, 963px\" \/><button\n\t\t\tclass=\"lightbox-trigger\"\n\t\t\ttype=\"button\"\n\t\t\taria-haspopup=\"dialog\"\n\t\t\taria-label=\"Enlarge\"\n\t\t\tdata-wp-init=\"callbacks.initTriggerButton\"\n\t\t\tdata-wp-on--click=\"actions.showLightbox\"\n\t\t\tdata-wp-style--right=\"state.imageButtonRight\"\n\t\t\tdata-wp-style--top=\"state.imageButtonTop\"\n\t\t>\n\t\t\t<svg xmlns=\"http:\/\/www.w3.org\/2000\/svg\" width=\"12\" height=\"12\" fill=\"none\" viewBox=\"0 0 12 12\">\n\t\t\t\t<path fill=\"#fff\" d=\"M2 0a2 2 0 0 0-2 2v2h1.5V2a.5.5 0 0 1 .5-.5h2V0H2Zm2 10.5H2a.5.5 0 0 1-.5-.5V8H0v2a2 2 0 0 0 2 2h2v-1.5ZM8 12v-1.5h2a.5.5 0 0 0 .5-.5V8H12v2a2 2 0 0 1-2 2H8Zm2-12a2 2 0 0 1 2 2v2h-1.5V2a.5.5 0 0 0-.5-.5H8V0h2Z\" \/>\n\t\t\t<\/svg>\n\t\t<\/button><\/figure>\n\n\n\n<div style=\"height:60px\" aria-hidden=\"true\" class=\"wp-block-spacer\"><\/div>\n\n\n\n<figure class=\"wp-block-image size-full\"><img loading=\"lazy\" decoding=\"async\" width=\"963\" height=\"643\" src=\"https:\/\/stojkovicart.rs\/wp-content\/uploads\/2023\/12\/51882942015_5aba8d9e2b_o.jpg\" alt=\"\" class=\"wp-image-3114\" srcset=\"https:\/\/stojkovicart.rs\/wp-content\/uploads\/2023\/12\/51882942015_5aba8d9e2b_o.jpg 963w, https:\/\/stojkovicart.rs\/wp-content\/uploads\/2023\/12\/51882942015_5aba8d9e2b_o-300x200.jpg 300w, https:\/\/stojkovicart.rs\/wp-content\/uploads\/2023\/12\/51882942015_5aba8d9e2b_o-768x513.jpg 768w, https:\/\/stojkovicart.rs\/wp-content\/uploads\/2023\/12\/51882942015_5aba8d9e2b_o-930x620.jpg 930w\" sizes=\"auto, (max-width: 963px) 100vw, 963px\" \/><\/figure>\n\n\n\n<div style=\"height:20px\" aria-hidden=\"true\" class=\"wp-block-spacer\"><\/div>\n\n\n\n<p class=\"has-white-color has-text-color\"><\/p>\n<\/div>\n<\/div><\/div>\n","protected":false},"excerpt":{"rendered":"","protected":false},"author":1,"featured_media":0,"parent":0,"menu_order":0,"comment_status":"closed","ping_status":"closed","template":"page-templates\/template-pagebuilder-full-width.php","meta":{"_eb_attr":"","neve_meta_sidebar":"full-width","neve_meta_container":"contained","neve_meta_enable_content_width":"on","neve_meta_content_width":100,"neve_meta_title_alignment":"","neve_meta_author_avatar":"","neve_post_elements_order":"","neve_meta_disable_header":"","neve_meta_disable_footer":"","neve_meta_disable_title":"","_themeisle_gutenberg_block_has_review":false,"footnotes":""},"class_list":["post-3028","page","type-page","status-publish","hentry"],"yoast_head":"<!-- This site is optimized with the Yoast SEO plugin v27.2 - https:\/\/yoast.com\/product\/yoast-seo-wordpress\/ -->\n<title>Poslovna saradnja - Stojkovi\u0107 Art<\/title>\n<meta name=\"robots\" content=\"index, follow, max-snippet:-1, max-image-preview:large, max-video-preview:-1\" \/>\n<link rel=\"canonical\" href=\"https:\/\/stojkovicart.rs\/index.php\/poslovna-saradnja\/\" \/>\n<meta property=\"og:locale\" content=\"en_US\" \/>\n<meta property=\"og:type\" content=\"article\" \/>\n<meta property=\"og:title\" content=\"Poslovna saradnja - Stojkovi\u0107 Art\" \/>\n<meta property=\"og:url\" content=\"https:\/\/stojkovicart.rs\/index.php\/poslovna-saradnja\/\" \/>\n<meta property=\"og:site_name\" content=\"Stojkovi\u0107 Art\" \/>\n<meta property=\"article:modified_time\" content=\"2023-12-11T12:23:35+00:00\" \/>\n<meta property=\"og:image\" content=\"https:\/\/stojkovicart.rs\/wp-content\/uploads\/2023\/12\/52420075517_f70ebc2a49_o.jpg\" \/>\n<meta name=\"twitter:card\" content=\"summary_large_image\" \/>\n<meta name=\"twitter:label1\" content=\"Est. reading time\" \/>\n\t<meta name=\"twitter:data1\" content=\"2 minutes\" \/>\n<script type=\"application\/ld+json\" class=\"yoast-schema-graph\">{\"@context\":\"https:\/\/schema.org\",\"@graph\":[{\"@type\":\"WebPage\",\"@id\":\"https:\/\/stojkovicart.rs\/index.php\/poslovna-saradnja\/\",\"url\":\"https:\/\/stojkovicart.rs\/index.php\/poslovna-saradnja\/\",\"name\":\"Poslovna saradnja - Stojkovi\u0107 Art\",\"isPartOf\":{\"@id\":\"https:\/\/stojkovicart.rs\/#website\"},\"primaryImageOfPage\":{\"@id\":\"https:\/\/stojkovicart.rs\/index.php\/poslovna-saradnja\/#primaryimage\"},\"image\":{\"@id\":\"https:\/\/stojkovicart.rs\/index.php\/poslovna-saradnja\/#primaryimage\"},\"thumbnailUrl\":\"https:\/\/stojkovicart.rs\/wp-content\/uploads\/2023\/12\/52420075517_f70ebc2a49_o.jpg\",\"datePublished\":\"2020-03-26T00:46:04+00:00\",\"dateModified\":\"2023-12-11T12:23:35+00:00\",\"breadcrumb\":{\"@id\":\"https:\/\/stojkovicart.rs\/index.php\/poslovna-saradnja\/#breadcrumb\"},\"inLanguage\":\"en-US\",\"potentialAction\":[{\"@type\":\"ReadAction\",\"target\":[\"https:\/\/stojkovicart.rs\/index.php\/poslovna-saradnja\/\"]}]},{\"@type\":\"ImageObject\",\"inLanguage\":\"en-US\",\"@id\":\"https:\/\/stojkovicart.rs\/index.php\/poslovna-saradnja\/#primaryimage\",\"url\":\"https:\/\/stojkovicart.rs\/wp-content\/uploads\/2023\/12\/52420075517_f70ebc2a49_o.jpg\",\"contentUrl\":\"https:\/\/stojkovicart.rs\/wp-content\/uploads\/2023\/12\/52420075517_f70ebc2a49_o.jpg\",\"width\":643,\"height\":963},{\"@type\":\"BreadcrumbList\",\"@id\":\"https:\/\/stojkovicart.rs\/index.php\/poslovna-saradnja\/#breadcrumb\",\"itemListElement\":[{\"@type\":\"ListItem\",\"position\":1,\"name\":\"Home\",\"item\":\"https:\/\/stojkovicart.rs\/\"},{\"@type\":\"ListItem\",\"position\":2,\"name\":\"Poslovna saradnja\"}]},{\"@type\":\"WebSite\",\"@id\":\"https:\/\/stojkovicart.rs\/#website\",\"url\":\"https:\/\/stojkovicart.rs\/\",\"name\":\"Stojkovi\u0107 Art\",\"description\":\"Profesionalna Fotografija\",\"potentialAction\":[{\"@type\":\"SearchAction\",\"target\":{\"@type\":\"EntryPoint\",\"urlTemplate\":\"https:\/\/stojkovicart.rs\/?s={search_term_string}\"},\"query-input\":{\"@type\":\"PropertyValueSpecification\",\"valueRequired\":true,\"valueName\":\"search_term_string\"}}],\"inLanguage\":\"en-US\"}]}<\/script>\n<!-- \/ Yoast SEO plugin. -->","yoast_head_json":{"title":"Poslovna saradnja - Stojkovi\u0107 Art","robots":{"index":"index","follow":"follow","max-snippet":"max-snippet:-1","max-image-preview":"max-image-preview:large","max-video-preview":"max-video-preview:-1"},"canonical":"https:\/\/stojkovicart.rs\/index.php\/poslovna-saradnja\/","og_locale":"en_US","og_type":"article","og_title":"Poslovna saradnja - Stojkovi\u0107 Art","og_url":"https:\/\/stojkovicart.rs\/index.php\/poslovna-saradnja\/","og_site_name":"Stojkovi\u0107 Art","article_modified_time":"2023-12-11T12:23:35+00:00","og_image":[{"url":"https:\/\/stojkovicart.rs\/wp-content\/uploads\/2023\/12\/52420075517_f70ebc2a49_o.jpg","type":"","width":"","height":""}],"twitter_card":"summary_large_image","twitter_misc":{"Est. reading time":"2 minutes"},"schema":{"@context":"https:\/\/schema.org","@graph":[{"@type":"WebPage","@id":"https:\/\/stojkovicart.rs\/index.php\/poslovna-saradnja\/","url":"https:\/\/stojkovicart.rs\/index.php\/poslovna-saradnja\/","name":"Poslovna saradnja - Stojkovi\u0107 Art","isPartOf":{"@id":"https:\/\/stojkovicart.rs\/#website"},"primaryImageOfPage":{"@id":"https:\/\/stojkovicart.rs\/index.php\/poslovna-saradnja\/#primaryimage"},"image":{"@id":"https:\/\/stojkovicart.rs\/index.php\/poslovna-saradnja\/#primaryimage"},"thumbnailUrl":"https:\/\/stojkovicart.rs\/wp-content\/uploads\/2023\/12\/52420075517_f70ebc2a49_o.jpg","datePublished":"2020-03-26T00:46:04+00:00","dateModified":"2023-12-11T12:23:35+00:00","breadcrumb":{"@id":"https:\/\/stojkovicart.rs\/index.php\/poslovna-saradnja\/#breadcrumb"},"inLanguage":"en-US","potentialAction":[{"@type":"ReadAction","target":["https:\/\/stojkovicart.rs\/index.php\/poslovna-saradnja\/"]}]},{"@type":"ImageObject","inLanguage":"en-US","@id":"https:\/\/stojkovicart.rs\/index.php\/poslovna-saradnja\/#primaryimage","url":"https:\/\/stojkovicart.rs\/wp-content\/uploads\/2023\/12\/52420075517_f70ebc2a49_o.jpg","contentUrl":"https:\/\/stojkovicart.rs\/wp-content\/uploads\/2023\/12\/52420075517_f70ebc2a49_o.jpg","width":643,"height":963},{"@type":"BreadcrumbList","@id":"https:\/\/stojkovicart.rs\/index.php\/poslovna-saradnja\/#breadcrumb","itemListElement":[{"@type":"ListItem","position":1,"name":"Home","item":"https:\/\/stojkovicart.rs\/"},{"@type":"ListItem","position":2,"name":"Poslovna saradnja"}]},{"@type":"WebSite","@id":"https:\/\/stojkovicart.rs\/#website","url":"https:\/\/stojkovicart.rs\/","name":"Stojkovi\u0107 Art","description":"Profesionalna Fotografija","potentialAction":[{"@type":"SearchAction","target":{"@type":"EntryPoint","urlTemplate":"https:\/\/stojkovicart.rs\/?s={search_term_string}"},"query-input":{"@type":"PropertyValueSpecification","valueRequired":true,"valueName":"search_term_string"}}],"inLanguage":"en-US"}]}},"_links":{"self":[{"href":"https:\/\/stojkovicart.rs\/index.php\/wp-json\/wp\/v2\/pages\/3028","targetHints":{"allow":["GET"]}}],"collection":[{"href":"https:\/\/stojkovicart.rs\/index.php\/wp-json\/wp\/v2\/pages"}],"about":[{"href":"https:\/\/stojkovicart.rs\/index.php\/wp-json\/wp\/v2\/types\/page"}],"author":[{"embeddable":true,"href":"https:\/\/stojkovicart.rs\/index.php\/wp-json\/wp\/v2\/users\/1"}],"replies":[{"embeddable":true,"href":"https:\/\/stojkovicart.rs\/index.php\/wp-json\/wp\/v2\/comments?post=3028"}],"version-history":[{"count":10,"href":"https:\/\/stojkovicart.rs\/index.php\/wp-json\/wp\/v2\/pages\/3028\/revisions"}],"predecessor-version":[{"id":3177,"href":"https:\/\/stojkovicart.rs\/index.php\/wp-json\/wp\/v2\/pages\/3028\/revisions\/3177"}],"wp:attachment":[{"href":"https:\/\/stojkovicart.rs\/index.php\/wp-json\/wp\/v2\/media?parent=3028"}],"curies":[{"name":"wp","href":"https:\/\/api.w.org\/{rel}","templated":true}]}}