{"id":139,"date":"2020-03-26T00:46:04","date_gmt":"2020-03-26T00:46:04","guid":{"rendered":"https:\/\/demosites.io\/rokophoto-gb\/?page_id=139"},"modified":"2023-12-11T23:18:43","modified_gmt":"2023-12-11T23:18:43","slug":"about","status":"publish","type":"page","link":"https:\/\/stojkovicart.rs\/index.php\/about\/","title":{"rendered":"O meni"},"content":{"rendered":"\n<div id=\"wp-block-themeisle-blocks-advanced-columns-6fd49cfa\" class=\"wp-block-themeisle-blocks-advanced-columns alignfull has-1-columns has-desktop-equal-layout has-tablet-equal-layout has-mobile-equal-layout has-vertical-unset\"><div class=\"wp-block-themeisle-blocks-advanced-columns-overlay\"><\/div><div class=\"innerblocks-wrap\">\n<div id=\"wp-block-themeisle-blocks-advanced-column-87827bcc\" class=\"wp-block-themeisle-blocks-advanced-column\">\n<h1 id=\"wp-block-themeisle-blocks-advanced-heading-93d7a316\" class=\"wp-block-themeisle-blocks-advanced-heading wp-block-themeisle-blocks-advanced-heading-93d7a316\">O meni<\/h1>\n\n\n\n<h4 id=\"wp-block-themeisle-blocks-advanced-heading-74e05a05\" class=\"wp-block-themeisle-blocks-advanced-heading wp-block-themeisle-blocks-advanced-heading-74e05a05\"><\/h4>\n<\/div>\n<\/div><\/div>\n\n\n\n<div id=\"wp-block-themeisle-blocks-advanced-columns-9ed733b5\" class=\"wp-block-themeisle-blocks-advanced-columns alignfull has-2-columns has-desktop-equal-layout has-tablet-equal-layout has-mobile-collapsedRows-layout has-vertical-unset has-dark-bg\"><div class=\"wp-block-themeisle-blocks-advanced-columns-overlay\"><\/div><div class=\"innerblocks-wrap\">\n<div id=\"wp-block-themeisle-blocks-advanced-column-e2e4f7ae\" class=\"wp-block-themeisle-blocks-advanced-column\">\n<h2 id=\"wp-block-themeisle-blocks-advanced-heading-8818cba9\" class=\"wp-block-themeisle-blocks-advanced-heading wp-block-themeisle-blocks-advanced-heading-8818cba9\">Nenad Stojkovi\u0107<\/h2>\n\n\n\n<p>Nenad Stojkovi\u0107 je muzi\u010dar, gitarista, profesionalni umetni\u010dki i komercijalni fotograf. Ro\u0111en je u Petrovcu na Mlavi gde je zavr\u0161io gimnaziju. U tom periodu se javlja velika strast prema umetno\u0161\u0107u gde prvo po\u010dinje sa sviranjem elektri\u010dne gitare i postaje \u010dlan lokalnih rok bendova. Sa ozbiljnijom rok grupom \u201eArt Diler\u201d, koja dobija veliki zna\u010daj na Zaje\u010darskoj gitarijadi 2007. godine, bend ubrzo postaje hit godine Radija Beograda 202 sa pesmom \u201eMiris jeseni\u201d.<\/p>\n\n\n\n<p>Po istoimenoj pesmi nazvan je i prvi album benda, izdat za PGP-RTS. Sa bendom \u201eMeda, vuk i Sandokan\u201d pobe\u0111uje na 48. Zaje\u010darskoj gitarijadi po odluci publike, gde Nenad&nbsp; dobija i nagradu za najboljeg gitaristu.&nbsp;<br>Posle smanjenje muzi\u010dke aktivnosti, okre\u0107e se ka fotografiji koja prelazi u profesiju, o \u010demu svedo\u010de radovi koji se pojavljuju na samostalnim i grupnim izlo\u017ebama u Srbiji.<\/p>\n\n\n\n<p class=\"has-white-color has-text-color\">Nenad je finalista na regionalnom takmi\u010denju \u201eReFoto\u201d magazina na temu \u017eenstvenosti. Aktivan je \u010dlan Udru\u017eenja likovnih umetnika u Petrovcu na Mlavi. Sara\u0111uje sa najve\u0107im stock agencijama kao \u0161to su Adobe, Getty i mnogi drugi. Pored stock fotografije, njegovi radovi se preko creative commons licenci mogu na\u0107i i na Wikipediji, Yahoo News, U.S Department of State, Marshall amplifier, Sputnik portalu, Divac Fondaciji, Krstarici, Moj pedijatar, Unicef-u, UNESCO-u i mnogim drugim.&nbsp;<\/p>\n\n\n\n<p class=\"has-white-color has-text-color\">Realizovao je fotografske ideje za preduze\u0107a, knjige, veb sajtove, postere, i ostale umetni\u010dke i komercijalne sadr\u017eaje. Sara\u0111ivao je sa modnom kompanijom Wolford i generalnim komercijalistom kompanije Silvijom Azali (u svetu mode poznata kao biv\u0161i glavni kreativni direktor brendova poput Dolce&amp;Gabanna, Gucci, Trussardi). Zadnjih nekoliko godina bavi se fotografisanjem enterijera.&nbsp;<\/p>\n\n\n\n<p><strong>Po struci je diplomirani ekonomista. Vlasnik je knjigovodstene agencije u Petrovcu na Mlavi.&nbsp;<\/strong><br><\/p>\n\n\n\n<p><\/p>\n\n\n\n<div style=\"height:20px\" aria-hidden=\"true\" class=\"wp-block-spacer\"><\/div>\n<\/div>\n\n\n\n<div id=\"wp-block-themeisle-blocks-advanced-column-9c1ad7b8\" class=\"wp-block-themeisle-blocks-advanced-column\">\n<figure class=\"wp-block-image size-large\"><img loading=\"lazy\" decoding=\"async\" width=\"683\" height=\"1024\" src=\"https:\/\/stojkovicart.rs\/wp-content\/uploads\/2023\/11\/Nenad-Stojkovic-683x1024.jpg\" alt=\"\" class=\"wp-image-3024\" srcset=\"https:\/\/stojkovicart.rs\/wp-content\/uploads\/2023\/11\/Nenad-Stojkovic-683x1024.jpg 683w, https:\/\/stojkovicart.rs\/wp-content\/uploads\/2023\/11\/Nenad-Stojkovic-200x300.jpg 200w, https:\/\/stojkovicart.rs\/wp-content\/uploads\/2023\/11\/Nenad-Stojkovic-768x1152.jpg 768w, https:\/\/stojkovicart.rs\/wp-content\/uploads\/2023\/11\/Nenad-Stojkovic.jpg 960w\" sizes=\"auto, (max-width: 683px) 100vw, 683px\" \/><\/figure>\n\n\n\n<div style=\"height:20px\" aria-hidden=\"true\" class=\"wp-block-spacer\"><\/div>\n\n\n\n<p class=\"has-white-color has-text-color\"><\/p>\n<\/div>\n<\/div><\/div>\n","protected":false},"excerpt":{"rendered":"","protected":false},"author":1,"featured_media":0,"parent":0,"menu_order":0,"comment_status":"closed","ping_status":"closed","template":"page-templates\/template-pagebuilder-full-width.php","meta":{"_eb_attr":"","neve_meta_sidebar":"full-width","neve_meta_container":"contained","neve_meta_enable_content_width":"on","neve_meta_content_width":100,"neve_meta_title_alignment":"","neve_meta_author_avatar":"","neve_post_elements_order":"","neve_meta_disable_header":"","neve_meta_disable_footer":"","neve_meta_disable_title":"","_themeisle_gutenberg_block_has_review":false,"footnotes":""},"class_list":["post-139","page","type-page","status-publish","hentry"],"yoast_head":"<!-- This site is optimized with the Yoast SEO plugin v27.2 - https:\/\/yoast.com\/product\/yoast-seo-wordpress\/ -->\n<title>O meni - Stojkovi\u0107 Art<\/title>\n<meta name=\"robots\" content=\"index, follow, max-snippet:-1, max-image-preview:large, max-video-preview:-1\" \/>\n<link rel=\"canonical\" href=\"https:\/\/stojkovicart.rs\/index.php\/about\/\" \/>\n<meta property=\"og:locale\" content=\"en_US\" \/>\n<meta property=\"og:type\" content=\"article\" \/>\n<meta property=\"og:title\" content=\"O meni - Stojkovi\u0107 Art\" \/>\n<meta property=\"og:url\" content=\"https:\/\/stojkovicart.rs\/index.php\/about\/\" \/>\n<meta property=\"og:site_name\" content=\"Stojkovi\u0107 Art\" \/>\n<meta property=\"article:modified_time\" content=\"2023-12-11T23:18:43+00:00\" \/>\n<meta property=\"og:image\" content=\"https:\/\/stojkovicart.rs\/wp-content\/uploads\/2023\/11\/Nenad-Stojkovic-683x1024.jpg\" \/>\n<meta name=\"twitter:card\" content=\"summary_large_image\" \/>\n<meta name=\"twitter:label1\" content=\"Est. reading time\" \/>\n\t<meta name=\"twitter:data1\" content=\"2 minutes\" \/>\n<script type=\"application\/ld+json\" class=\"yoast-schema-graph\">{\"@context\":\"https:\/\/schema.org\",\"@graph\":[{\"@type\":\"WebPage\",\"@id\":\"https:\/\/stojkovicart.rs\/index.php\/about\/\",\"url\":\"https:\/\/stojkovicart.rs\/index.php\/about\/\",\"name\":\"O meni - Stojkovi\u0107 Art\",\"isPartOf\":{\"@id\":\"https:\/\/stojkovicart.rs\/#website\"},\"primaryImageOfPage\":{\"@id\":\"https:\/\/stojkovicart.rs\/index.php\/about\/#primaryimage\"},\"image\":{\"@id\":\"https:\/\/stojkovicart.rs\/index.php\/about\/#primaryimage\"},\"thumbnailUrl\":\"https:\/\/stojkovicart.rs\/wp-content\/uploads\/2023\/11\/Nenad-Stojkovic-683x1024.jpg\",\"datePublished\":\"2020-03-26T00:46:04+00:00\",\"dateModified\":\"2023-12-11T23:18:43+00:00\",\"breadcrumb\":{\"@id\":\"https:\/\/stojkovicart.rs\/index.php\/about\/#breadcrumb\"},\"inLanguage\":\"en-US\",\"potentialAction\":[{\"@type\":\"ReadAction\",\"target\":[\"https:\/\/stojkovicart.rs\/index.php\/about\/\"]}]},{\"@type\":\"ImageObject\",\"inLanguage\":\"en-US\",\"@id\":\"https:\/\/stojkovicart.rs\/index.php\/about\/#primaryimage\",\"url\":\"https:\/\/stojkovicart.rs\/wp-content\/uploads\/2023\/11\/Nenad-Stojkovic.jpg\",\"contentUrl\":\"https:\/\/stojkovicart.rs\/wp-content\/uploads\/2023\/11\/Nenad-Stojkovic.jpg\",\"width\":960,\"height\":1440},{\"@type\":\"BreadcrumbList\",\"@id\":\"https:\/\/stojkovicart.rs\/index.php\/about\/#breadcrumb\",\"itemListElement\":[{\"@type\":\"ListItem\",\"position\":1,\"name\":\"Home\",\"item\":\"https:\/\/stojkovicart.rs\/\"},{\"@type\":\"ListItem\",\"position\":2,\"name\":\"O meni\"}]},{\"@type\":\"WebSite\",\"@id\":\"https:\/\/stojkovicart.rs\/#website\",\"url\":\"https:\/\/stojkovicart.rs\/\",\"name\":\"Stojkovi\u0107 Art\",\"description\":\"Profesionalna Fotografija\",\"potentialAction\":[{\"@type\":\"SearchAction\",\"target\":{\"@type\":\"EntryPoint\",\"urlTemplate\":\"https:\/\/stojkovicart.rs\/?s={search_term_string}\"},\"query-input\":{\"@type\":\"PropertyValueSpecification\",\"valueRequired\":true,\"valueName\":\"search_term_string\"}}],\"inLanguage\":\"en-US\"}]}<\/script>\n<!-- \/ Yoast SEO plugin. -->","yoast_head_json":{"title":"O meni - Stojkovi\u0107 Art","robots":{"index":"index","follow":"follow","max-snippet":"max-snippet:-1","max-image-preview":"max-image-preview:large","max-video-preview":"max-video-preview:-1"},"canonical":"https:\/\/stojkovicart.rs\/index.php\/about\/","og_locale":"en_US","og_type":"article","og_title":"O meni - Stojkovi\u0107 Art","og_url":"https:\/\/stojkovicart.rs\/index.php\/about\/","og_site_name":"Stojkovi\u0107 Art","article_modified_time":"2023-12-11T23:18:43+00:00","og_image":[{"url":"https:\/\/stojkovicart.rs\/wp-content\/uploads\/2023\/11\/Nenad-Stojkovic-683x1024.jpg","type":"","width":"","height":""}],"twitter_card":"summary_large_image","twitter_misc":{"Est. reading time":"2 minutes"},"schema":{"@context":"https:\/\/schema.org","@graph":[{"@type":"WebPage","@id":"https:\/\/stojkovicart.rs\/index.php\/about\/","url":"https:\/\/stojkovicart.rs\/index.php\/about\/","name":"O meni - Stojkovi\u0107 Art","isPartOf":{"@id":"https:\/\/stojkovicart.rs\/#website"},"primaryImageOfPage":{"@id":"https:\/\/stojkovicart.rs\/index.php\/about\/#primaryimage"},"image":{"@id":"https:\/\/stojkovicart.rs\/index.php\/about\/#primaryimage"},"thumbnailUrl":"https:\/\/stojkovicart.rs\/wp-content\/uploads\/2023\/11\/Nenad-Stojkovic-683x1024.jpg","datePublished":"2020-03-26T00:46:04+00:00","dateModified":"2023-12-11T23:18:43+00:00","breadcrumb":{"@id":"https:\/\/stojkovicart.rs\/index.php\/about\/#breadcrumb"},"inLanguage":"en-US","potentialAction":[{"@type":"ReadAction","target":["https:\/\/stojkovicart.rs\/index.php\/about\/"]}]},{"@type":"ImageObject","inLanguage":"en-US","@id":"https:\/\/stojkovicart.rs\/index.php\/about\/#primaryimage","url":"https:\/\/stojkovicart.rs\/wp-content\/uploads\/2023\/11\/Nenad-Stojkovic.jpg","contentUrl":"https:\/\/stojkovicart.rs\/wp-content\/uploads\/2023\/11\/Nenad-Stojkovic.jpg","width":960,"height":1440},{"@type":"BreadcrumbList","@id":"https:\/\/stojkovicart.rs\/index.php\/about\/#breadcrumb","itemListElement":[{"@type":"ListItem","position":1,"name":"Home","item":"https:\/\/stojkovicart.rs\/"},{"@type":"ListItem","position":2,"name":"O meni"}]},{"@type":"WebSite","@id":"https:\/\/stojkovicart.rs\/#website","url":"https:\/\/stojkovicart.rs\/","name":"Stojkovi\u0107 Art","description":"Profesionalna Fotografija","potentialAction":[{"@type":"SearchAction","target":{"@type":"EntryPoint","urlTemplate":"https:\/\/stojkovicart.rs\/?s={search_term_string}"},"query-input":{"@type":"PropertyValueSpecification","valueRequired":true,"valueName":"search_term_string"}}],"inLanguage":"en-US"}]}},"_links":{"self":[{"href":"https:\/\/stojkovicart.rs\/index.php\/wp-json\/wp\/v2\/pages\/139","targetHints":{"allow":["GET"]}}],"collection":[{"href":"https:\/\/stojkovicart.rs\/index.php\/wp-json\/wp\/v2\/pages"}],"about":[{"href":"https:\/\/stojkovicart.rs\/index.php\/wp-json\/wp\/v2\/types\/page"}],"author":[{"embeddable":true,"href":"https:\/\/stojkovicart.rs\/index.php\/wp-json\/wp\/v2\/users\/1"}],"replies":[{"embeddable":true,"href":"https:\/\/stojkovicart.rs\/index.php\/wp-json\/wp\/v2\/comments?post=139"}],"version-history":[{"count":18,"href":"https:\/\/stojkovicart.rs\/index.php\/wp-json\/wp\/v2\/pages\/139\/revisions"}],"predecessor-version":[{"id":3212,"href":"https:\/\/stojkovicart.rs\/index.php\/wp-json\/wp\/v2\/pages\/139\/revisions\/3212"}],"wp:attachment":[{"href":"https:\/\/stojkovicart.rs\/index.php\/wp-json\/wp\/v2\/media?parent=139"}],"curies":[{"name":"wp","href":"https:\/\/api.w.org\/{rel}","templated":true}]}}